{"id":2,"date":"2010-06-28T15:28:02","date_gmt":"2010-06-28T15:28:02","guid":{"rendered":"http:\/\/www.gamester.tv\/?page_id=2"},"modified":"2026-03-30T07:03:30","modified_gmt":"2026-03-30T05:03:30","slug":"about","status":"publish","type":"page","link":"https:\/\/www.gamester.tv\/index.php\/about\/","title":{"rendered":"Impressum"},"content":{"rendered":"<p><strong>Redaktion:<\/strong><\/p>\n<p>Chefredaktor: <strong>Raphael Fiore<\/strong><\/p>\n<p>Stv. Chefredaktor: <strong>Thomas Vogt<\/strong><br \/>\nMastodon: <a title=\"twitter.com\/tomvogt\" href=\"https:\/\/mastodon.social\/@tomvogt\" target=\"_blank\" rel=\"noopener noreferrer\">@tomvogt<\/a><br \/>\nPSN-ID: turbowins<br \/>\nSteam: turbo23<br \/>\nXbox Gamertag: turbowins<br \/>\nSWITCH-Freundescode: 1794-7470-5511<br \/>\nOrigin: turbowins<\/p>\n<p>Redaktor\/Podcaster: <strong>Thomas Seiler<\/strong><br \/>\nPSN-ID: Seuli<br \/>\nSteam: Seuli<br \/>\nXbox Gamertag: Seuline<\/p>\n<p>Redaktor\/Social Media\/Podcaster: <strong>Stefan Leuenberger<\/strong><br \/>\nTwitter: <a title=\"twitter.com\/onkl0r\" href=\"https:\/\/twitter.com\/onkl0r\" target=\"_blank\" rel=\"noopener noreferrer\">@onkl0r<\/a><br \/>\nPSN-ID: Onkl<br \/>\nSteam: [SIFF]Onkl<br \/>\nSWITCH-Freundescode: 2134-6317-3622<br \/>\nXbox Gamertag: B4dM0f0<\/p>\n<p>Kontakt: <a title=\"info@gamester.tv\" href=\"mailto:info@gamester.tv\">info@gamester.tv<\/a><\/p>\n<p><strong>Abos:<\/strong><\/p>\n<p>Gamester spielt Videos in <a href=\"https:\/\/itunes.apple.com\/ch\/podcast\/gamester-spielt\/id1073505153\" target=\"_blank\" rel=\"noopener noreferrer\">iTunes<\/a> oder direkt via <a href=\"http:\/\/www.gamester.tv\/videos\/gamester\/gamester_spielt\/h264\/Gamester_spielt.xml\" target=\"_blank\" rel=\"noopener noreferrer\">Feed<\/a>. Ersetzt Games to Watch.<br \/>\nGames To Listen Audio Podcast in <a href=\"http:\/\/phobos.apple.com\/WebObjects\/MZStore.woa\/wa\/viewPodcast?id=281276730\" target=\"_blank\" rel=\"noopener noreferrer\">iTunes<\/a> oder direkt via <a href=\"http:\/\/www.gamester.tv\/videos\/gamester\/podcast\/mp3\/gtvaudiomp3.xml\" target=\"_blank\" rel=\"noopener noreferrer\">Feed als MP3<\/a> oder <a href=\"http:\/\/www.gamester.tv\/videos\/gamester\/podcast\/mp4\/gtvaudio.xml\" target=\"_blank\" rel=\"noopener noreferrer\">als MP4 Audio<\/a>.<br \/>\nGames to Watch Videos in <a href=\"http:\/\/phobos.apple.com\/WebObjects\/MZStore.woa\/wa\/viewPodcast?id=276695888\" target=\"_blank\" rel=\"noopener noreferrer\">iTunes<\/a>. Wird nicht mehr weiter produziert.<\/p>\n<p><strong>Soziale Netzwerke:<\/strong><\/p>\n<p><a title=\"www.youtube.com\/user\/GamesterTV\" href=\"https:\/\/www.youtube.com\/user\/GamesterTV\" target=\"_blank\" rel=\"noopener noreferrer\">www.youtube.com\/user\/GamesterTV<\/a><br \/>\n<a title=\"www.facebook.com\/gamestertiwi\" href=\"https:\/\/www.facebook.com\/gamestertiwi\" target=\"_blank\" rel=\"noopener noreferrer\">www.facebook.com\/gamestertiwi<\/a><br \/>\n<a title=\"twitter.com\/gamestertv\" href=\"https:\/\/twitter.com\/gamestertv\" target=\"_blank\" rel=\"noopener noreferrer\">twitter.com\/gamestertv<\/a><br \/>\n<a title=\"twitch.tv\/gamester_tv\" href=\"https:\/\/twitch.tv\/gamester_tv\" target=\"_blank\" rel=\"noopener noreferrer\">twitch.tv\/gamester_tv<\/a><\/p>\n<p><strong>Nutzung und Weiterverwendung<\/strong><\/p>\n<p>Alle Inhalte, Text-, Bild- und Videomaterial werden Internetnutzern ausschliesslich zum privaten, eigenen Gebrauch zur Verf\u00fcgung gestellt: Jede dar\u00fcber hinausgehende Nutzung ist unzul\u00e4ssig. Wer die TV-Sendung \u00abGamester.tv\u00bb und\/oder andere Artikel, Berichte und weitere Inhalte kommerziell weiterverwenden m\u00f6chte, meldet sich bitte unter<a title=\"info@gamester.tv\" href=\"mailto:info@gamester.tv\"> info@gamester.tv<\/a>.<\/p>\n<p><strong>Haftungshinweis<\/strong><\/p>\n<p>Trotz sorgf\u00e4ltiger inhaltlicher Kontrolle \u00fcbernehmen wir keine Haftung f\u00fcr die Inhalte externer Links. F\u00fcr den Inhalt der verlinkten Seiten sind ausschliesslich deren Betreiber verantwortlich. Sollten Links nicht erreichbar sein, rechtswidrige Seiten \u00fcber die Hyperlinks abrufbar sein oder sich die auf den Seiten befindlichen Inhalte ge\u00e4ndert haben, schliessen wir die Haftung aus, bitten jedoch um Mitteilung an <a title=\"info@gamester.tv\" href=\"mailto:info@gamester.tv\">info@gamester.tv<\/a>.<\/p>\n<p><strong>Herausgeber<\/strong><\/p>\n<p>Solothurn, Schweiz<\/p>\n<p><strong>Webmaster<\/strong><\/p>\n<p><a title=\"webmaster@gamester.tv\" href=\"mailto:webmaster@gamester.tv\">webmaster@gamester.tv<\/a><\/p>\n<p><strong>Datenschutzerkl\u00e4rung<\/strong><\/p>\n<p><a title=\"https:\/\/www.gamester.tv\/index.php\/about\/datenschutzerklarung\/\" href=\"https:\/\/www.gamester.tv\/index.php\/about\/datenschutzerklarung\/\" target=\"_blank\" rel=\"noopener noreferrer\">Datenschutzerkl\u00e4rung<\/a><\/p>\n","protected":false},"excerpt":{"rendered":"<p>Redaktion: Chefredaktor: Raphael Fiore Stv. Chefredaktor: Thomas Vogt Mastodon: @tomvogt PSN-ID: turbowins Steam: turbo23 Xbox Gamertag: turbowins SWITCH-Freundescode: 1794-7470-5511 Origin: turbowins Redaktor\/Podcaster: Thomas Seiler PSN-ID: Seuli Steam: Seuli Xbox Gamertag: Seuline Redaktor\/Social Media\/Podcaster: Stefan Leuenberger Twitter: @onkl0r PSN-ID: Onkl Steam: [SIFF]Onkl SWITCH-Freundescode: 2134-6317-3622 Xbox Gamertag: B4dM0f0 Kontakt: info@gamester.tv Abos: Gamester spielt Videos in iTunes oder [&hellip;]<\/p>\n","protected":false},"author":1,"featured_media":0,"parent":0,"menu_order":0,"comment_status":"closed","ping_status":"closed","template":"","meta":{"footnotes":""},"categories":[],"tags":[],"genre":[],"rating":[],"developed-by":[],"publisher":[],"class_list":["post-2","page","type-page","status-publish"],"_links":{"self":[{"href":"https:\/\/www.gamester.tv\/index.php\/wp-json\/wp\/v2\/pages\/2","targetHints":{"allow":["GET"]}}],"collection":[{"href":"https:\/\/www.gamester.tv\/index.php\/wp-json\/wp\/v2\/pages"}],"about":[{"href":"https:\/\/www.gamester.tv\/index.php\/wp-json\/wp\/v2\/types\/page"}],"author":[{"embeddable":true,"href":"https:\/\/www.gamester.tv\/index.php\/wp-json\/wp\/v2\/users\/1"}],"replies":[{"embeddable":true,"href":"https:\/\/www.gamester.tv\/index.php\/wp-json\/wp\/v2\/comments?post=2"}],"version-history":[{"count":43,"href":"https:\/\/www.gamester.tv\/index.php\/wp-json\/wp\/v2\/pages\/2\/revisions"}],"predecessor-version":[{"id":25495,"href":"https:\/\/www.gamester.tv\/index.php\/wp-json\/wp\/v2\/pages\/2\/revisions\/25495"}],"wp:attachment":[{"href":"https:\/\/www.gamester.tv\/index.php\/wp-json\/wp\/v2\/media?parent=2"}],"wp:term":[{"taxonomy":"category","embeddable":true,"href":"https:\/\/www.gamester.tv\/index.php\/wp-json\/wp\/v2\/categories?post=2"},{"taxonomy":"post_tag","embeddable":true,"href":"https:\/\/www.gamester.tv\/index.php\/wp-json\/wp\/v2\/tags?post=2"},{"taxonomy":"genre","embeddable":true,"href":"https:\/\/www.gamester.tv\/index.php\/wp-json\/wp\/v2\/genre?post=2"},{"taxonomy":"rating","embeddable":true,"href":"https:\/\/www.gamester.tv\/index.php\/wp-json\/wp\/v2\/rating?post=2"},{"taxonomy":"developed-by","embeddable":true,"href":"https:\/\/www.gamester.tv\/index.php\/wp-json\/wp\/v2\/developed-by?post=2"},{"taxonomy":"publisher","embeddable":true,"href":"https:\/\/www.gamester.tv\/index.php\/wp-json\/wp\/v2\/publisher?post=2"}],"curies":[{"name":"wp","href":"https:\/\/api.w.org\/{rel}","templated":true}]}}